{"id":8356,"date":"2013-03-08T12:28:19","date_gmt":"2013-03-08T12:28:19","guid":{"rendered":"https:\/\/zeptermuzej.rs\/product\/djordjije-crncevic-solzhenitsyn\/"},"modified":"2025-10-03T13:21:21","modified_gmt":"2025-10-03T13:21:21","slug":"djordjije-crncevic-solzhenitsyn","status":"publish","type":"product","link":"https:\/\/zeptermuzej.rs\/en\/product\/djordjije-crncevic-solzhenitsyn\/","title":{"rendered":"\u0110OR\u0110IJE CRN\u010cEVI\u0106 <br>SOLZHENITSYN"},"content":{"rendered":"","protected":false},"excerpt":{"rendered":"<p>Metal<\/p>\n","protected":false},"featured_media":10300,"comment_status":"closed","ping_status":"closed","template":"","meta":[],"product_brand":[],"product_cat":[111],"product_tag":[],"class_list":{"0":"post-8356","1":"product","2":"type-product","3":"status-publish","4":"has-post-thumbnail","6":"product_cat-multiples","8":"first","9":"instock","10":"taxable","11":"shipping-taxable","12":"purchasable","13":"product-type-simple"},"yoast_head":"<!-- This site is optimized with the Yoast SEO plugin v27.4 - https:\/\/yoast.com\/product\/yoast-seo-wordpress\/ -->\n<title>\u0110OR\u0110IJE CRN\u010cEVI\u0106 SOLZHENITSYN - Zepter Museum<\/title>\n<meta name=\"robots\" content=\"index, follow, max-snippet:-1, max-image-preview:large, max-video-preview:-1\" \/>\n<link rel=\"canonical\" href=\"https:\/\/zeptermuzej.rs\/proizvod\/djordjije-crncevic-solzenjicin\/\" \/>\n<meta property=\"og:locale\" content=\"en_US\" \/>\n<meta property=\"og:type\" content=\"article\" \/>\n<meta property=\"og:title\" content=\"\u0110OR\u0110IJE CRN\u010cEVI\u0106 SOLZHENITSYN - Zepter Museum\" \/>\n<meta property=\"og:description\" content=\"Metal\" \/>\n<meta property=\"og:url\" content=\"https:\/\/zeptermuzej.rs\/proizvod\/djordjije-crncevic-solzenjicin\/\" \/>\n<meta property=\"og:site_name\" content=\"Zepter Museum\" \/>\n<meta property=\"article:modified_time\" content=\"2025-10-03T13:21:21+00:00\" \/>\n<meta property=\"og:image\" content=\"https:\/\/zeptermuzej.rs\/wp-content\/uploads\/2013\/03\/sol1sold1-1.jpg\" \/>\n\t<meta property=\"og:image:width\" content=\"200\" \/>\n\t<meta property=\"og:image:height\" content=\"299\" \/>\n\t<meta property=\"og:image:type\" content=\"image\/jpeg\" \/>\n<meta name=\"twitter:card\" content=\"summary_large_image\" \/>\n<meta name=\"twitter:label1\" content=\"Est. reading time\" \/>\n\t<meta name=\"twitter:data1\" content=\"1 minute\" \/>\n<script type=\"application\/ld+json\" class=\"yoast-schema-graph\">{\"@context\":\"https:\\\/\\\/schema.org\",\"@graph\":[{\"@type\":\"WebPage\",\"@id\":\"https:\\\/\\\/zeptermuzej.rs\\\/proizvod\\\/djordjije-crncevic-solzenjicin\\\/\",\"url\":\"https:\\\/\\\/zeptermuzej.rs\\\/proizvod\\\/djordjije-crncevic-solzenjicin\\\/\",\"name\":\"\u0110OR\u0110IJE CRN\u010cEVI\u0106 SOLZHENITSYN - Zepter Museum\",\"isPartOf\":{\"@id\":\"https:\\\/\\\/zeptermuzej.rs\\\/#website\"},\"primaryImageOfPage\":{\"@id\":\"https:\\\/\\\/zeptermuzej.rs\\\/proizvod\\\/djordjije-crncevic-solzenjicin\\\/#primaryimage\"},\"image\":{\"@id\":\"https:\\\/\\\/zeptermuzej.rs\\\/proizvod\\\/djordjije-crncevic-solzenjicin\\\/#primaryimage\"},\"thumbnailUrl\":\"https:\\\/\\\/zeptermuzej.rs\\\/wp-content\\\/uploads\\\/2013\\\/03\\\/sol1sold1-1.jpg\",\"datePublished\":\"2013-03-08T12:28:19+00:00\",\"dateModified\":\"2025-10-03T13:21:21+00:00\",\"breadcrumb\":{\"@id\":\"https:\\\/\\\/zeptermuzej.rs\\\/proizvod\\\/djordjije-crncevic-solzenjicin\\\/#breadcrumb\"},\"inLanguage\":\"en-US\",\"potentialAction\":[{\"@type\":\"ReadAction\",\"target\":[\"https:\\\/\\\/zeptermuzej.rs\\\/proizvod\\\/djordjije-crncevic-solzenjicin\\\/\"]}]},{\"@type\":\"ImageObject\",\"inLanguage\":\"en-US\",\"@id\":\"https:\\\/\\\/zeptermuzej.rs\\\/proizvod\\\/djordjije-crncevic-solzenjicin\\\/#primaryimage\",\"url\":\"https:\\\/\\\/zeptermuzej.rs\\\/wp-content\\\/uploads\\\/2013\\\/03\\\/sol1sold1-1.jpg\",\"contentUrl\":\"https:\\\/\\\/zeptermuzej.rs\\\/wp-content\\\/uploads\\\/2013\\\/03\\\/sol1sold1-1.jpg\",\"width\":200,\"height\":299},{\"@type\":\"BreadcrumbList\",\"@id\":\"https:\\\/\\\/zeptermuzej.rs\\\/proizvod\\\/djordjije-crncevic-solzenjicin\\\/#breadcrumb\",\"itemListElement\":[{\"@type\":\"ListItem\",\"position\":1,\"name\":\"Shop\",\"item\":\"https:\\\/\\\/zeptermuzej.rs\\\/en\\\/shop-2\\\/\"},{\"@type\":\"ListItem\",\"position\":2,\"name\":\"\u0110OR\u0110IJE CRN\u010cEVI\u0106 SOLZHENITSYN\"}]},{\"@type\":\"WebSite\",\"@id\":\"https:\\\/\\\/zeptermuzej.rs\\\/#website\",\"url\":\"https:\\\/\\\/zeptermuzej.rs\\\/\",\"name\":\"Zepter Museum\",\"description\":\"Umetnost u Srbiji druge polovine XX veka i pocetka novog milenijuma\",\"publisher\":{\"@id\":\"https:\\\/\\\/zeptermuzej.rs\\\/#organization\"},\"potentialAction\":[{\"@type\":\"SearchAction\",\"target\":{\"@type\":\"EntryPoint\",\"urlTemplate\":\"https:\\\/\\\/zeptermuzej.rs\\\/?s={search_term_string}\"},\"query-input\":{\"@type\":\"PropertyValueSpecification\",\"valueRequired\":true,\"valueName\":\"search_term_string\"}}],\"inLanguage\":\"en-US\"},{\"@type\":\"Organization\",\"@id\":\"https:\\\/\\\/zeptermuzej.rs\\\/#organization\",\"name\":\"Zepter Museum\",\"url\":\"https:\\\/\\\/zeptermuzej.rs\\\/\",\"logo\":{\"@type\":\"ImageObject\",\"inLanguage\":\"en-US\",\"@id\":\"https:\\\/\\\/zeptermuzej.rs\\\/#\\\/schema\\\/logo\\\/image\\\/\",\"url\":\"https:\\\/\\\/zeptermuzej.rs\\\/wp-content\\\/uploads\\\/2021\\\/06\\\/mz-logo-2.png\",\"contentUrl\":\"https:\\\/\\\/zeptermuzej.rs\\\/wp-content\\\/uploads\\\/2021\\\/06\\\/mz-logo-2.png\",\"width\":340,\"height\":156,\"caption\":\"Zepter Museum\"},\"image\":{\"@id\":\"https:\\\/\\\/zeptermuzej.rs\\\/#\\\/schema\\\/logo\\\/image\\\/\"}}]}<\/script>\n<!-- \/ Yoast SEO plugin. -->","yoast_head_json":{"title":"\u0110OR\u0110IJE CRN\u010cEVI\u0106 SOLZHENITSYN - Zepter Museum","robots":{"index":"index","follow":"follow","max-snippet":"max-snippet:-1","max-image-preview":"max-image-preview:large","max-video-preview":"max-video-preview:-1"},"canonical":"https:\/\/zeptermuzej.rs\/proizvod\/djordjije-crncevic-solzenjicin\/","og_locale":"en_US","og_type":"article","og_title":"\u0110OR\u0110IJE CRN\u010cEVI\u0106 SOLZHENITSYN - Zepter Museum","og_description":"Metal","og_url":"https:\/\/zeptermuzej.rs\/proizvod\/djordjije-crncevic-solzenjicin\/","og_site_name":"Zepter Museum","article_modified_time":"2025-10-03T13:21:21+00:00","og_image":[{"width":200,"height":299,"url":"https:\/\/zeptermuzej.rs\/wp-content\/uploads\/2013\/03\/sol1sold1-1.jpg","type":"image\/jpeg"}],"twitter_card":"summary_large_image","twitter_misc":{"Est. reading time":"1 minute"},"schema":{"@context":"https:\/\/schema.org","@graph":[{"@type":"WebPage","@id":"https:\/\/zeptermuzej.rs\/proizvod\/djordjije-crncevic-solzenjicin\/","url":"https:\/\/zeptermuzej.rs\/proizvod\/djordjije-crncevic-solzenjicin\/","name":"\u0110OR\u0110IJE CRN\u010cEVI\u0106 SOLZHENITSYN - Zepter Museum","isPartOf":{"@id":"https:\/\/zeptermuzej.rs\/#website"},"primaryImageOfPage":{"@id":"https:\/\/zeptermuzej.rs\/proizvod\/djordjije-crncevic-solzenjicin\/#primaryimage"},"image":{"@id":"https:\/\/zeptermuzej.rs\/proizvod\/djordjije-crncevic-solzenjicin\/#primaryimage"},"thumbnailUrl":"https:\/\/zeptermuzej.rs\/wp-content\/uploads\/2013\/03\/sol1sold1-1.jpg","datePublished":"2013-03-08T12:28:19+00:00","dateModified":"2025-10-03T13:21:21+00:00","breadcrumb":{"@id":"https:\/\/zeptermuzej.rs\/proizvod\/djordjije-crncevic-solzenjicin\/#breadcrumb"},"inLanguage":"en-US","potentialAction":[{"@type":"ReadAction","target":["https:\/\/zeptermuzej.rs\/proizvod\/djordjije-crncevic-solzenjicin\/"]}]},{"@type":"ImageObject","inLanguage":"en-US","@id":"https:\/\/zeptermuzej.rs\/proizvod\/djordjije-crncevic-solzenjicin\/#primaryimage","url":"https:\/\/zeptermuzej.rs\/wp-content\/uploads\/2013\/03\/sol1sold1-1.jpg","contentUrl":"https:\/\/zeptermuzej.rs\/wp-content\/uploads\/2013\/03\/sol1sold1-1.jpg","width":200,"height":299},{"@type":"BreadcrumbList","@id":"https:\/\/zeptermuzej.rs\/proizvod\/djordjije-crncevic-solzenjicin\/#breadcrumb","itemListElement":[{"@type":"ListItem","position":1,"name":"Shop","item":"https:\/\/zeptermuzej.rs\/en\/shop-2\/"},{"@type":"ListItem","position":2,"name":"\u0110OR\u0110IJE CRN\u010cEVI\u0106 SOLZHENITSYN"}]},{"@type":"WebSite","@id":"https:\/\/zeptermuzej.rs\/#website","url":"https:\/\/zeptermuzej.rs\/","name":"Zepter Museum","description":"Umetnost u Srbiji druge polovine XX veka i pocetka novog milenijuma","publisher":{"@id":"https:\/\/zeptermuzej.rs\/#organization"},"potentialAction":[{"@type":"SearchAction","target":{"@type":"EntryPoint","urlTemplate":"https:\/\/zeptermuzej.rs\/?s={search_term_string}"},"query-input":{"@type":"PropertyValueSpecification","valueRequired":true,"valueName":"search_term_string"}}],"inLanguage":"en-US"},{"@type":"Organization","@id":"https:\/\/zeptermuzej.rs\/#organization","name":"Zepter Museum","url":"https:\/\/zeptermuzej.rs\/","logo":{"@type":"ImageObject","inLanguage":"en-US","@id":"https:\/\/zeptermuzej.rs\/#\/schema\/logo\/image\/","url":"https:\/\/zeptermuzej.rs\/wp-content\/uploads\/2021\/06\/mz-logo-2.png","contentUrl":"https:\/\/zeptermuzej.rs\/wp-content\/uploads\/2021\/06\/mz-logo-2.png","width":340,"height":156,"caption":"Zepter Museum"},"image":{"@id":"https:\/\/zeptermuzej.rs\/#\/schema\/logo\/image\/"}}]}},"_links":{"self":[{"href":"https:\/\/zeptermuzej.rs\/en\/wp-json\/wp\/v2\/product\/8356","targetHints":{"allow":["GET"]}}],"collection":[{"href":"https:\/\/zeptermuzej.rs\/en\/wp-json\/wp\/v2\/product"}],"about":[{"href":"https:\/\/zeptermuzej.rs\/en\/wp-json\/wp\/v2\/types\/product"}],"replies":[{"embeddable":true,"href":"https:\/\/zeptermuzej.rs\/en\/wp-json\/wp\/v2\/comments?post=8356"}],"wp:featuredmedia":[{"embeddable":true,"href":"https:\/\/zeptermuzej.rs\/en\/wp-json\/wp\/v2\/media\/10300"}],"wp:attachment":[{"href":"https:\/\/zeptermuzej.rs\/en\/wp-json\/wp\/v2\/media?parent=8356"}],"wp:term":[{"taxonomy":"product_brand","embeddable":true,"href":"https:\/\/zeptermuzej.rs\/en\/wp-json\/wp\/v2\/product_brand?post=8356"},{"taxonomy":"product_cat","embeddable":true,"href":"https:\/\/zeptermuzej.rs\/en\/wp-json\/wp\/v2\/product_cat?post=8356"},{"taxonomy":"product_tag","embeddable":true,"href":"https:\/\/zeptermuzej.rs\/en\/wp-json\/wp\/v2\/product_tag?post=8356"}],"curies":[{"name":"wp","href":"https:\/\/api.w.org\/{rel}","templated":true}]}}