{"id":7468,"date":"2014-03-09T10:40:09","date_gmt":"2014-03-09T10:40:09","guid":{"rendered":"https:\/\/zeptermuzej.rs\/?post_type=product&#038;p=7468"},"modified":"2024-12-26T10:56:02","modified_gmt":"2024-12-26T10:56:02","slug":"dusan-otasevic","status":"publish","type":"product","link":"https:\/\/zeptermuzej.rs\/en\/product\/dusan-otasevic\/","title":{"rendered":"DU\u0160AN OTA\u0160EVI\u0106"},"content":{"rendered":"","protected":false},"excerpt":{"rendered":"<p>Golub \/ Pigeon, 1996<\/p>\n<div class=\"field-content\">\n<p>serigrafija \/ silk-screen print, 21\u00d714 cm<\/p>\n<\/div>\n","protected":false},"featured_media":10135,"comment_status":"closed","ping_status":"closed","template":"","meta":[],"product_brand":[],"product_cat":[37],"product_tag":[],"class_list":{"0":"post-7468","1":"product","2":"type-product","3":"status-publish","4":"has-post-thumbnail","6":"product_cat-grafike-malih-formata","8":"first","9":"instock","10":"taxable","11":"shipping-taxable","12":"purchasable","13":"product-type-simple"},"yoast_head":"<!-- This site is optimized with the Yoast SEO plugin v27.4 - https:\/\/yoast.com\/product\/yoast-seo-wordpress\/ -->\n<title>DU\u0160AN OTA\u0160EVI\u0106 - Zepter Museum<\/title>\n<meta name=\"robots\" content=\"index, follow, max-snippet:-1, max-image-preview:large, max-video-preview:-1\" \/>\n<link rel=\"canonical\" href=\"https:\/\/zeptermuzej.rs\/en\/product\/dusan-otasevic\/\" \/>\n<meta property=\"og:locale\" content=\"en_US\" \/>\n<meta property=\"og:type\" content=\"article\" \/>\n<meta property=\"og:title\" content=\"DU\u0160AN OTA\u0160EVI\u0106 - Zepter Museum\" \/>\n<meta property=\"og:description\" content=\"Golub \/ Pigeon, 1996   serigrafija \/ silk-screen print, 21\u00d714 cm\" \/>\n<meta property=\"og:url\" content=\"https:\/\/zeptermuzej.rs\/en\/product\/dusan-otasevic\/\" \/>\n<meta property=\"og:site_name\" content=\"Zepter Museum\" \/>\n<meta property=\"article:modified_time\" content=\"2024-12-26T10:56:02+00:00\" \/>\n<meta property=\"og:image\" content=\"https:\/\/zeptermuzej.rs\/wp-content\/uploads\/2014\/03\/dusan-otasevic-2-copy2.png\" \/>\n\t<meta property=\"og:image:width\" content=\"230\" \/>\n\t<meta property=\"og:image:height\" content=\"300\" \/>\n\t<meta property=\"og:image:type\" content=\"image\/png\" \/>\n<meta name=\"twitter:card\" content=\"summary_large_image\" \/>\n<meta name=\"twitter:label1\" content=\"Est. reading time\" \/>\n\t<meta name=\"twitter:data1\" content=\"1 minute\" \/>\n<script type=\"application\/ld+json\" class=\"yoast-schema-graph\">{\"@context\":\"https:\\\/\\\/schema.org\",\"@graph\":[{\"@type\":\"WebPage\",\"@id\":\"https:\\\/\\\/zeptermuzej.rs\\\/en\\\/product\\\/dusan-otasevic\\\/\",\"url\":\"https:\\\/\\\/zeptermuzej.rs\\\/en\\\/product\\\/dusan-otasevic\\\/\",\"name\":\"DU\u0160AN OTA\u0160EVI\u0106 - Zepter Museum\",\"isPartOf\":{\"@id\":\"https:\\\/\\\/zeptermuzej.rs\\\/#website\"},\"primaryImageOfPage\":{\"@id\":\"https:\\\/\\\/zeptermuzej.rs\\\/en\\\/product\\\/dusan-otasevic\\\/#primaryimage\"},\"image\":{\"@id\":\"https:\\\/\\\/zeptermuzej.rs\\\/en\\\/product\\\/dusan-otasevic\\\/#primaryimage\"},\"thumbnailUrl\":\"https:\\\/\\\/zeptermuzej.rs\\\/wp-content\\\/uploads\\\/2014\\\/03\\\/dusan-otasevic-2-copy2.png\",\"datePublished\":\"2014-03-09T10:40:09+00:00\",\"dateModified\":\"2024-12-26T10:56:02+00:00\",\"breadcrumb\":{\"@id\":\"https:\\\/\\\/zeptermuzej.rs\\\/en\\\/product\\\/dusan-otasevic\\\/#breadcrumb\"},\"inLanguage\":\"en-US\",\"potentialAction\":[{\"@type\":\"ReadAction\",\"target\":[\"https:\\\/\\\/zeptermuzej.rs\\\/en\\\/product\\\/dusan-otasevic\\\/\"]}]},{\"@type\":\"ImageObject\",\"inLanguage\":\"en-US\",\"@id\":\"https:\\\/\\\/zeptermuzej.rs\\\/en\\\/product\\\/dusan-otasevic\\\/#primaryimage\",\"url\":\"https:\\\/\\\/zeptermuzej.rs\\\/wp-content\\\/uploads\\\/2014\\\/03\\\/dusan-otasevic-2-copy2.png\",\"contentUrl\":\"https:\\\/\\\/zeptermuzej.rs\\\/wp-content\\\/uploads\\\/2014\\\/03\\\/dusan-otasevic-2-copy2.png\",\"width\":230,\"height\":300},{\"@type\":\"BreadcrumbList\",\"@id\":\"https:\\\/\\\/zeptermuzej.rs\\\/en\\\/product\\\/dusan-otasevic\\\/#breadcrumb\",\"itemListElement\":[{\"@type\":\"ListItem\",\"position\":1,\"name\":\"Shop\",\"item\":\"https:\\\/\\\/zeptermuzej.rs\\\/en\\\/shop-2\\\/\"},{\"@type\":\"ListItem\",\"position\":2,\"name\":\"DU\u0160AN OTA\u0160EVI\u0106\"}]},{\"@type\":\"WebSite\",\"@id\":\"https:\\\/\\\/zeptermuzej.rs\\\/#website\",\"url\":\"https:\\\/\\\/zeptermuzej.rs\\\/\",\"name\":\"Zepter Museum\",\"description\":\"Umetnost u Srbiji druge polovine XX veka i pocetka novog milenijuma\",\"publisher\":{\"@id\":\"https:\\\/\\\/zeptermuzej.rs\\\/#organization\"},\"potentialAction\":[{\"@type\":\"SearchAction\",\"target\":{\"@type\":\"EntryPoint\",\"urlTemplate\":\"https:\\\/\\\/zeptermuzej.rs\\\/?s={search_term_string}\"},\"query-input\":{\"@type\":\"PropertyValueSpecification\",\"valueRequired\":true,\"valueName\":\"search_term_string\"}}],\"inLanguage\":\"en-US\"},{\"@type\":\"Organization\",\"@id\":\"https:\\\/\\\/zeptermuzej.rs\\\/#organization\",\"name\":\"Zepter Museum\",\"url\":\"https:\\\/\\\/zeptermuzej.rs\\\/\",\"logo\":{\"@type\":\"ImageObject\",\"inLanguage\":\"en-US\",\"@id\":\"https:\\\/\\\/zeptermuzej.rs\\\/#\\\/schema\\\/logo\\\/image\\\/\",\"url\":\"https:\\\/\\\/zeptermuzej.rs\\\/wp-content\\\/uploads\\\/2021\\\/06\\\/mz-logo-2.png\",\"contentUrl\":\"https:\\\/\\\/zeptermuzej.rs\\\/wp-content\\\/uploads\\\/2021\\\/06\\\/mz-logo-2.png\",\"width\":340,\"height\":156,\"caption\":\"Zepter Museum\"},\"image\":{\"@id\":\"https:\\\/\\\/zeptermuzej.rs\\\/#\\\/schema\\\/logo\\\/image\\\/\"}}]}<\/script>\n<!-- \/ Yoast SEO plugin. -->","yoast_head_json":{"title":"DU\u0160AN OTA\u0160EVI\u0106 - Zepter Museum","robots":{"index":"index","follow":"follow","max-snippet":"max-snippet:-1","max-image-preview":"max-image-preview:large","max-video-preview":"max-video-preview:-1"},"canonical":"https:\/\/zeptermuzej.rs\/en\/product\/dusan-otasevic\/","og_locale":"en_US","og_type":"article","og_title":"DU\u0160AN OTA\u0160EVI\u0106 - Zepter Museum","og_description":"Golub \/ Pigeon, 1996   serigrafija \/ silk-screen print, 21\u00d714 cm","og_url":"https:\/\/zeptermuzej.rs\/en\/product\/dusan-otasevic\/","og_site_name":"Zepter Museum","article_modified_time":"2024-12-26T10:56:02+00:00","og_image":[{"width":230,"height":300,"url":"https:\/\/zeptermuzej.rs\/wp-content\/uploads\/2014\/03\/dusan-otasevic-2-copy2.png","type":"image\/png"}],"twitter_card":"summary_large_image","twitter_misc":{"Est. reading time":"1 minute"},"schema":{"@context":"https:\/\/schema.org","@graph":[{"@type":"WebPage","@id":"https:\/\/zeptermuzej.rs\/en\/product\/dusan-otasevic\/","url":"https:\/\/zeptermuzej.rs\/en\/product\/dusan-otasevic\/","name":"DU\u0160AN OTA\u0160EVI\u0106 - Zepter Museum","isPartOf":{"@id":"https:\/\/zeptermuzej.rs\/#website"},"primaryImageOfPage":{"@id":"https:\/\/zeptermuzej.rs\/en\/product\/dusan-otasevic\/#primaryimage"},"image":{"@id":"https:\/\/zeptermuzej.rs\/en\/product\/dusan-otasevic\/#primaryimage"},"thumbnailUrl":"https:\/\/zeptermuzej.rs\/wp-content\/uploads\/2014\/03\/dusan-otasevic-2-copy2.png","datePublished":"2014-03-09T10:40:09+00:00","dateModified":"2024-12-26T10:56:02+00:00","breadcrumb":{"@id":"https:\/\/zeptermuzej.rs\/en\/product\/dusan-otasevic\/#breadcrumb"},"inLanguage":"en-US","potentialAction":[{"@type":"ReadAction","target":["https:\/\/zeptermuzej.rs\/en\/product\/dusan-otasevic\/"]}]},{"@type":"ImageObject","inLanguage":"en-US","@id":"https:\/\/zeptermuzej.rs\/en\/product\/dusan-otasevic\/#primaryimage","url":"https:\/\/zeptermuzej.rs\/wp-content\/uploads\/2014\/03\/dusan-otasevic-2-copy2.png","contentUrl":"https:\/\/zeptermuzej.rs\/wp-content\/uploads\/2014\/03\/dusan-otasevic-2-copy2.png","width":230,"height":300},{"@type":"BreadcrumbList","@id":"https:\/\/zeptermuzej.rs\/en\/product\/dusan-otasevic\/#breadcrumb","itemListElement":[{"@type":"ListItem","position":1,"name":"Shop","item":"https:\/\/zeptermuzej.rs\/en\/shop-2\/"},{"@type":"ListItem","position":2,"name":"DU\u0160AN OTA\u0160EVI\u0106"}]},{"@type":"WebSite","@id":"https:\/\/zeptermuzej.rs\/#website","url":"https:\/\/zeptermuzej.rs\/","name":"Zepter Museum","description":"Umetnost u Srbiji druge polovine XX veka i pocetka novog milenijuma","publisher":{"@id":"https:\/\/zeptermuzej.rs\/#organization"},"potentialAction":[{"@type":"SearchAction","target":{"@type":"EntryPoint","urlTemplate":"https:\/\/zeptermuzej.rs\/?s={search_term_string}"},"query-input":{"@type":"PropertyValueSpecification","valueRequired":true,"valueName":"search_term_string"}}],"inLanguage":"en-US"},{"@type":"Organization","@id":"https:\/\/zeptermuzej.rs\/#organization","name":"Zepter Museum","url":"https:\/\/zeptermuzej.rs\/","logo":{"@type":"ImageObject","inLanguage":"en-US","@id":"https:\/\/zeptermuzej.rs\/#\/schema\/logo\/image\/","url":"https:\/\/zeptermuzej.rs\/wp-content\/uploads\/2021\/06\/mz-logo-2.png","contentUrl":"https:\/\/zeptermuzej.rs\/wp-content\/uploads\/2021\/06\/mz-logo-2.png","width":340,"height":156,"caption":"Zepter Museum"},"image":{"@id":"https:\/\/zeptermuzej.rs\/#\/schema\/logo\/image\/"}}]}},"_links":{"self":[{"href":"https:\/\/zeptermuzej.rs\/en\/wp-json\/wp\/v2\/product\/7468","targetHints":{"allow":["GET"]}}],"collection":[{"href":"https:\/\/zeptermuzej.rs\/en\/wp-json\/wp\/v2\/product"}],"about":[{"href":"https:\/\/zeptermuzej.rs\/en\/wp-json\/wp\/v2\/types\/product"}],"replies":[{"embeddable":true,"href":"https:\/\/zeptermuzej.rs\/en\/wp-json\/wp\/v2\/comments?post=7468"}],"wp:featuredmedia":[{"embeddable":true,"href":"https:\/\/zeptermuzej.rs\/en\/wp-json\/wp\/v2\/media\/10135"}],"wp:attachment":[{"href":"https:\/\/zeptermuzej.rs\/en\/wp-json\/wp\/v2\/media?parent=7468"}],"wp:term":[{"taxonomy":"product_brand","embeddable":true,"href":"https:\/\/zeptermuzej.rs\/en\/wp-json\/wp\/v2\/product_brand?post=7468"},{"taxonomy":"product_cat","embeddable":true,"href":"https:\/\/zeptermuzej.rs\/en\/wp-json\/wp\/v2\/product_cat?post=7468"},{"taxonomy":"product_tag","embeddable":true,"href":"https:\/\/zeptermuzej.rs\/en\/wp-json\/wp\/v2\/product_tag?post=7468"}],"curies":[{"name":"wp","href":"https:\/\/api.w.org\/{rel}","templated":true}]}}