{"id":7843,"date":"2022-04-05T08:59:47","date_gmt":"2022-04-05T08:59:47","guid":{"rendered":"https:\/\/zeptermuzej.rs\/?page_id=7843"},"modified":"2025-12-24T14:52:08","modified_gmt":"2025-12-24T14:52:08","slug":"organizational-structure","status":"publish","type":"page","link":"https:\/\/zeptermuzej.rs\/en\/about-the-museum\/organizational-structure\/","title":{"rendered":"Organizational structure"},"content":{"rendered":"<section  class='av_textblock_section av-lwqen35m-a3e8bd0ed94dae19c78dfc45e6b4d385 '   itemscope=\"itemscope\" itemtype=\"https:\/\/schema.org\/CreativeWork\" ><div class='avia_textblock'  itemprop=\"text\" ><h3 class=\"title\">ORGANIZATIONAL STRUCTURE<\/h3>\n<p><strong>ART DEPARTMENT:<br \/>\n<\/strong><strong><span class=\"HwtZe\" lang=\"en\"><span class=\"jCAhz ChMk0b\"><span class=\"ryNqvb\">Director<\/span><\/span><\/span><\/strong><br \/>\nJelena Popovi\u0107<\/p>\n<p><strong>LIBRARY AND VIDEOTHEQUE<br \/>\n<\/strong>A public centre with all the material necessary for research studies of the works and lives of artists represented in the ZEPTER MUSEUM collection.<\/p>\n<p><strong>GENERAL AFFAIRS DEPARTMENT:<br \/>\n<\/strong>Secretary and System Administrator &#8211; Andreja Rodi\u0107<br \/>\nLegal Services \u2013 Zepter International<br \/>\nFinancial Services \u2013 Zepter International<br \/>\nTechnical Services \u2013 Aleksandar Radulovi\u0107<br \/>\nBox office: Gordana Mrkalj, Biljana Paunovi\u0107<br \/>\nAuxiliaries \u2013 Clean Space Team, Sne\u017eana Stojanovi\u0107 i Nada Ivani\u0161evi\u0107<br \/>\nSecurity \u2013 Slobodan Savi\u0107, Marko Jovi\u0107, Zoran Bo\u0161kovi\u0107, Dejan Mateji\u0107.<\/p>\n<p><strong>MUSEUM ART CAF\u00c9<\/strong><\/p>\n<p>Make a break and have a refreshment in the relaxing environment while watching video presentations and sipping warm drinks.<\/p>\n<p><strong>THE MUSEUM SHOP<br \/>\n<\/strong><\/p>\n<p>Like in other museum shops in the world, in our Museum Shop you can purchase interesting souvenirs and books.<\/p>\n<\/div><\/section>\n","protected":false},"excerpt":{"rendered":"","protected":false},"author":1,"featured_media":0,"parent":7839,"menu_order":0,"comment_status":"closed","ping_status":"closed","template":"","meta":{"footnotes":""},"class_list":["post-7843","page","type-page","status-publish","hentry"],"yoast_head":"<!-- This site is optimized with the Yoast SEO plugin v27.4 - https:\/\/yoast.com\/product\/yoast-seo-wordpress\/ -->\n<title>Organizational structure - Zepter Museum<\/title>\n<meta name=\"robots\" content=\"index, follow, max-snippet:-1, max-image-preview:large, max-video-preview:-1\" \/>\n<link rel=\"canonical\" href=\"https:\/\/zeptermuzej.rs\/o-muzeju\/organizaciona-struktura\/\" \/>\n<meta property=\"og:locale\" content=\"en_US\" \/>\n<meta property=\"og:type\" content=\"article\" \/>\n<meta property=\"og:title\" content=\"Organizational structure - Zepter Museum\" \/>\n<meta property=\"og:url\" content=\"https:\/\/zeptermuzej.rs\/o-muzeju\/organizaciona-struktura\/\" \/>\n<meta property=\"og:site_name\" content=\"Zepter Museum\" \/>\n<meta property=\"article:modified_time\" content=\"2025-12-24T14:52:08+00:00\" \/>\n<meta name=\"twitter:card\" content=\"summary_large_image\" \/>\n<meta name=\"twitter:label1\" content=\"Est. reading time\" \/>\n\t<meta name=\"twitter:data1\" content=\"1 minute\" \/>\n<script type=\"application\/ld+json\" class=\"yoast-schema-graph\">{\"@context\":\"https:\\\/\\\/schema.org\",\"@graph\":[{\"@type\":\"WebPage\",\"@id\":\"https:\\\/\\\/zeptermuzej.rs\\\/o-muzeju\\\/organizaciona-struktura\\\/\",\"url\":\"https:\\\/\\\/zeptermuzej.rs\\\/o-muzeju\\\/organizaciona-struktura\\\/\",\"name\":\"Organizational structure - Zepter Museum\",\"isPartOf\":{\"@id\":\"https:\\\/\\\/zeptermuzej.rs\\\/#website\"},\"datePublished\":\"2022-04-05T08:59:47+00:00\",\"dateModified\":\"2025-12-24T14:52:08+00:00\",\"breadcrumb\":{\"@id\":\"https:\\\/\\\/zeptermuzej.rs\\\/o-muzeju\\\/organizaciona-struktura\\\/#breadcrumb\"},\"inLanguage\":\"en-US\",\"potentialAction\":[{\"@type\":\"ReadAction\",\"target\":[\"https:\\\/\\\/zeptermuzej.rs\\\/o-muzeju\\\/organizaciona-struktura\\\/\"]}]},{\"@type\":\"BreadcrumbList\",\"@id\":\"https:\\\/\\\/zeptermuzej.rs\\\/o-muzeju\\\/organizaciona-struktura\\\/#breadcrumb\",\"itemListElement\":[{\"@type\":\"ListItem\",\"position\":1,\"name\":\"The museum\",\"item\":\"https:\\\/\\\/zeptermuzej.rs\\\/o-muzeju\\\/\"},{\"@type\":\"ListItem\",\"position\":2,\"name\":\"Organizational structure\"}]},{\"@type\":\"WebSite\",\"@id\":\"https:\\\/\\\/zeptermuzej.rs\\\/#website\",\"url\":\"https:\\\/\\\/zeptermuzej.rs\\\/\",\"name\":\"Zepter Museum\",\"description\":\"Umetnost u Srbiji druge polovine XX veka i pocetka novog milenijuma\",\"publisher\":{\"@id\":\"https:\\\/\\\/zeptermuzej.rs\\\/#organization\"},\"potentialAction\":[{\"@type\":\"SearchAction\",\"target\":{\"@type\":\"EntryPoint\",\"urlTemplate\":\"https:\\\/\\\/zeptermuzej.rs\\\/?s={search_term_string}\"},\"query-input\":{\"@type\":\"PropertyValueSpecification\",\"valueRequired\":true,\"valueName\":\"search_term_string\"}}],\"inLanguage\":\"en-US\"},{\"@type\":\"Organization\",\"@id\":\"https:\\\/\\\/zeptermuzej.rs\\\/#organization\",\"name\":\"Zepter Museum\",\"url\":\"https:\\\/\\\/zeptermuzej.rs\\\/\",\"logo\":{\"@type\":\"ImageObject\",\"inLanguage\":\"en-US\",\"@id\":\"https:\\\/\\\/zeptermuzej.rs\\\/#\\\/schema\\\/logo\\\/image\\\/\",\"url\":\"https:\\\/\\\/zeptermuzej.rs\\\/wp-content\\\/uploads\\\/2021\\\/06\\\/mz-logo-2.png\",\"contentUrl\":\"https:\\\/\\\/zeptermuzej.rs\\\/wp-content\\\/uploads\\\/2021\\\/06\\\/mz-logo-2.png\",\"width\":340,\"height\":156,\"caption\":\"Zepter Museum\"},\"image\":{\"@id\":\"https:\\\/\\\/zeptermuzej.rs\\\/#\\\/schema\\\/logo\\\/image\\\/\"}}]}<\/script>\n<!-- \/ Yoast SEO plugin. -->","yoast_head_json":{"title":"Organizational structure - Zepter Museum","robots":{"index":"index","follow":"follow","max-snippet":"max-snippet:-1","max-image-preview":"max-image-preview:large","max-video-preview":"max-video-preview:-1"},"canonical":"https:\/\/zeptermuzej.rs\/o-muzeju\/organizaciona-struktura\/","og_locale":"en_US","og_type":"article","og_title":"Organizational structure - Zepter Museum","og_url":"https:\/\/zeptermuzej.rs\/o-muzeju\/organizaciona-struktura\/","og_site_name":"Zepter Museum","article_modified_time":"2025-12-24T14:52:08+00:00","twitter_card":"summary_large_image","twitter_misc":{"Est. reading time":"1 minute"},"schema":{"@context":"https:\/\/schema.org","@graph":[{"@type":"WebPage","@id":"https:\/\/zeptermuzej.rs\/o-muzeju\/organizaciona-struktura\/","url":"https:\/\/zeptermuzej.rs\/o-muzeju\/organizaciona-struktura\/","name":"Organizational structure - Zepter Museum","isPartOf":{"@id":"https:\/\/zeptermuzej.rs\/#website"},"datePublished":"2022-04-05T08:59:47+00:00","dateModified":"2025-12-24T14:52:08+00:00","breadcrumb":{"@id":"https:\/\/zeptermuzej.rs\/o-muzeju\/organizaciona-struktura\/#breadcrumb"},"inLanguage":"en-US","potentialAction":[{"@type":"ReadAction","target":["https:\/\/zeptermuzej.rs\/o-muzeju\/organizaciona-struktura\/"]}]},{"@type":"BreadcrumbList","@id":"https:\/\/zeptermuzej.rs\/o-muzeju\/organizaciona-struktura\/#breadcrumb","itemListElement":[{"@type":"ListItem","position":1,"name":"The museum","item":"https:\/\/zeptermuzej.rs\/o-muzeju\/"},{"@type":"ListItem","position":2,"name":"Organizational structure"}]},{"@type":"WebSite","@id":"https:\/\/zeptermuzej.rs\/#website","url":"https:\/\/zeptermuzej.rs\/","name":"Zepter Museum","description":"Umetnost u Srbiji druge polovine XX veka i pocetka novog milenijuma","publisher":{"@id":"https:\/\/zeptermuzej.rs\/#organization"},"potentialAction":[{"@type":"SearchAction","target":{"@type":"EntryPoint","urlTemplate":"https:\/\/zeptermuzej.rs\/?s={search_term_string}"},"query-input":{"@type":"PropertyValueSpecification","valueRequired":true,"valueName":"search_term_string"}}],"inLanguage":"en-US"},{"@type":"Organization","@id":"https:\/\/zeptermuzej.rs\/#organization","name":"Zepter Museum","url":"https:\/\/zeptermuzej.rs\/","logo":{"@type":"ImageObject","inLanguage":"en-US","@id":"https:\/\/zeptermuzej.rs\/#\/schema\/logo\/image\/","url":"https:\/\/zeptermuzej.rs\/wp-content\/uploads\/2021\/06\/mz-logo-2.png","contentUrl":"https:\/\/zeptermuzej.rs\/wp-content\/uploads\/2021\/06\/mz-logo-2.png","width":340,"height":156,"caption":"Zepter Museum"},"image":{"@id":"https:\/\/zeptermuzej.rs\/#\/schema\/logo\/image\/"}}]}},"_links":{"self":[{"href":"https:\/\/zeptermuzej.rs\/en\/wp-json\/wp\/v2\/pages\/7843","targetHints":{"allow":["GET"]}}],"collection":[{"href":"https:\/\/zeptermuzej.rs\/en\/wp-json\/wp\/v2\/pages"}],"about":[{"href":"https:\/\/zeptermuzej.rs\/en\/wp-json\/wp\/v2\/types\/page"}],"author":[{"embeddable":true,"href":"https:\/\/zeptermuzej.rs\/en\/wp-json\/wp\/v2\/users\/1"}],"replies":[{"embeddable":true,"href":"https:\/\/zeptermuzej.rs\/en\/wp-json\/wp\/v2\/comments?post=7843"}],"version-history":[{"count":18,"href":"https:\/\/zeptermuzej.rs\/en\/wp-json\/wp\/v2\/pages\/7843\/revisions"}],"predecessor-version":[{"id":10379,"href":"https:\/\/zeptermuzej.rs\/en\/wp-json\/wp\/v2\/pages\/7843\/revisions\/10379"}],"up":[{"embeddable":true,"href":"https:\/\/zeptermuzej.rs\/en\/wp-json\/wp\/v2\/pages\/7839"}],"wp:attachment":[{"href":"https:\/\/zeptermuzej.rs\/en\/wp-json\/wp\/v2\/media?parent=7843"}],"curies":[{"name":"wp","href":"https:\/\/api.w.org\/{rel}","templated":true}]}}